{"id":271,"date":"2017-12-05T09:06:40","date_gmt":"2017-12-05T08:06:40","guid":{"rendered":"http:\/\/bridge123.qodeinteractive.com\/?page_id=4"},"modified":"2023-06-06T23:50:32","modified_gmt":"2023-06-06T21:50:32","slug":"accueil","status":"publish","type":"page","link":"https:\/\/www.domaine-espeyran.fr\/english\/","title":{"rendered":"Home"},"content":{"rendered":"<p>[vc_row css_animation=\u00a0\u00bb\u00a0\u00bb row_type=\u00a0\u00bbrow\u00a0\u00bb use_row_as_full_screen_section=\u00a0\u00bbno\u00a0\u00bb type=\u00a0\u00bbgrid\u00a0\u00bb angled_section=\u00a0\u00bbno\u00a0\u00bb text_align=\u00a0\u00bbleft\u00a0\u00bb background_image_as_pattern=\u00a0\u00bbwithout_pattern\u00a0\u00bb z_index=\u00a0\u00bb\u00a0\u00bb css=\u00a0\u00bb.vc_custom_1548075350048{padding-top: 30px !important;padding-bottom: 40px !important;background-color: #f7f7f7 !important;}\u00a0\u00bb el_class=\u00a0\u00bbcol-reverse\u00a0\u00bb][vc_column width=\u00a0\u00bb2\/3&Prime; el_class=\u00a0\u00bbcol-recoltant-img\u00a0\u00bb][vc_row_inner row_type=\u00a0\u00bbrow\u00a0\u00bb type=\u00a0\u00bbfull_width\u00a0\u00bb text_align=\u00a0\u00bbleft\u00a0\u00bb css_animation=\u00a0\u00bb\u00a0\u00bb][vc_column_inner width=\u00a0\u00bb1\/2&Prime;][vc_empty_space height=\u00a0\u00bb40px\u00a0\u00bb][vc_single_image image=\u00a0\u00bb767&Prime; img_size=\u00a0\u00bbfull\u00a0\u00bb qode_css_animation=\u00a0\u00bb\u00a0\u00bb][\/vc_column_inner][vc_column_inner width=\u00a0\u00bb1\/2&Prime;][vc_empty_space height=\u00a0\u00bb40px\u00a0\u00bb][vc_single_image image=\u00a0\u00bb770&Prime; img_size=\u00a0\u00bbfull\u00a0\u00bb alignment=\u00a0\u00bbcenter\u00a0\u00bb qode_css_animation=\u00a0\u00bb\u00a0\u00bb][\/vc_column_inner][\/vc_row_inner][\/vc_column][vc_column width=\u00a0\u00bb1\/3&Prime; el_class=\u00a0\u00bbcol-recoltant\u00a0\u00bb][vc_empty_space height=\u00a0\u00bb28px\u00a0\u00bb][vc_column_text]<\/p>\n<h1>Owner harvesting since 1791<\/h1>\n<p>[\/vc_column_text][vc_separator type=\u00a0\u00bbsmall\u00a0\u00bb position=\u00a0\u00bbleft\u00a0\u00bb color=\u00a0\u00bb#000000&Prime; transparency=\u00a0\u00bb1&Prime; thickness=\u00a0\u00bb1&Prime; width=\u00a0\u00bb91&Prime; el_class=\u00a0\u00bbseph1&Prime;][vc_column_text]<\/p>\n<p style=\"text-align: justify;\">If you have the chance to go through the area of \u200b\u200bEspeyran, or even better, stay in the beautiful cottage, then you will have the chance to explore a land of history and traditions.<\/p>\n<p style=\"text-align: justify;\">The family Sabatier d\u2019 Espeyran has owned this domain since the 18th century and each generation is working hard to improve the various productions from this region: the unique vineyard, which has turned into terroir at the edge of the Camargue and also additionally &#8211; cereals, stud farm, olive trees and reed bed.<\/p>\n<p>[\/vc_column_text]<a  itemprop=\"url\" href=\"https:\/\/www.domaine-espeyran.fr\/english\/our-wines\/\" target=\"_self\"  class=\"qbutton  default\" style=\"\">Our wines<\/a>[vc_empty_space height=\u00a0\u00bb40px\u00a0\u00bb][\/vc_column][\/vc_row][vc_row css_animation=\u00a0\u00bb\u00a0\u00bb row_type=\u00a0\u00bbrow\u00a0\u00bb use_row_as_full_screen_section=\u00a0\u00bbyes\u00a0\u00bb type=\u00a0\u00bbfull_width\u00a0\u00bb angled_section=\u00a0\u00bbno\u00a0\u00bb text_align=\u00a0\u00bbleft\u00a0\u00bb background_image_as_pattern=\u00a0\u00bbwithout_pattern\u00a0\u00bb css=\u00a0\u00bb.vc_custom_1556532774541{padding-top: 80px !important;padding-bottom: 80px !important;background-image: url(https:\/\/www.domaine-espeyran.fr\/english\/wp-content\/uploads\/sites\/2\/2019\/01\/9-eme-generation-sabatier-espeyran.jpg?id=783) !important;}\u00a0\u00bb z_index=\u00a0\u00bb\u00a0\u00bb][vc_column][vc_row_inner row_type=\u00a0\u00bbrow\u00a0\u00bb type=\u00a0\u00bbgrid\u00a0\u00bb text_align=\u00a0\u00bbleft\u00a0\u00bb css_animation=\u00a0\u00bb\u00a0\u00bb el_class=\u00a0\u00bbtextonimg\u00a0\u00bb][vc_column_inner el_class=\u00a0\u00bbblackbg\u00a0\u00bb width=\u00a0\u00bb1\/2&Prime; css=\u00a0\u00bb.vc_custom_1548359723981{padding-top: 30px !important;padding-right: 30px !important;padding-bottom: 30px !important;padding-left: 30px !important;}\u00a0\u00bb][vc_column_text]<\/p>\n<h1>Sabatier d&rsquo;Espeyran, 9th generation<\/h1>\n<p>[\/vc_column_text][vc_separator type=\u00a0\u00bbsmall\u00a0\u00bb position=\u00a0\u00bbleft\u00a0\u00bb color=\u00a0\u00bb#ffffff\u00a0\u00bb transparency=\u00a0\u00bb1&Prime; thickness=\u00a0\u00bb1&Prime; width=\u00a0\u00bb91&Prime; el_class=\u00a0\u00bbseph1&Prime;][vc_column_text]<\/p>\n<p style=\"text-align: justify;\">The new generation is proud of its journey and its land with prominent southern accents. Today Espeyran at the same time as being an expression of heritage is a secular memory and modernity, that the young operator applies with passion and audacity.<\/p>\n<p style=\"text-align: justify;\">The 535 hectares domain is divided into the vineyard, the cereals crops and the hunting company created by our family ancestors during the 18th century. Surrounded by 120 hectares of heartwarming forest, a canopy of trees and ponds for this spectacular setting.<\/p>\n<p style=\"text-align: justify;\">It is with curiosity and enthusiasm that Blaise, now in the 9th generation of the lineage Sabatiers d&rsquo;Espeyran that takes over the fate of the property and is dedicated to bringing it back to its original nobility.<br \/>\nThus his signature vintages in red ros\u00e9 and white in the Costi\u00e8res de N\u00eemes appellation, naturally found their baptismal name: l\u2019Envol (Take off)<\/p>\n<p>[\/vc_column_text][\/vc_column_inner][\/vc_row_inner][\/vc_column][\/vc_row][vc_row css_animation=\u00a0\u00bb\u00a0\u00bb row_type=\u00a0\u00bbrow\u00a0\u00bb use_row_as_full_screen_section=\u00a0\u00bbno\u00a0\u00bb type=\u00a0\u00bbgrid\u00a0\u00bb angled_section=\u00a0\u00bbno\u00a0\u00bb text_align=\u00a0\u00bbcenter\u00a0\u00bb background_image_as_pattern=\u00a0\u00bbwithout_pattern\u00a0\u00bb z_index=\u00a0\u00bb\u00a0\u00bb css=\u00a0\u00bb.vc_custom_1545048732708{padding-top: 60px !important;padding-bottom: 60px !important;background-color: #f7f7f7 !important;}\u00a0\u00bb][vc_column width=\u00a0\u00bb1\/2&Prime; css=\u00a0\u00bb.vc_custom_1549009568895{margin-bottom: 20px !important;}\u00a0\u00bb][vc_single_image image=\u00a0\u00bb414&Prime; img_size=\u00a0\u00bbfull\u00a0\u00bb alignment=\u00a0\u00bbcenter\u00a0\u00bb onclick=\u00a0\u00bbcustom_link\u00a0\u00bb qode_css_animation=\u00a0\u00bb\u00a0\u00bb link=\u00a0\u00bbhttps:\/\/www.domaine-espeyran.fr\/english\/the-cottage\/\u00a0\u00bb][vc_empty_space height=\u00a0\u00bb26px\u00a0\u00bb][vc_column_text]<\/p>\n<h1><strong>The cottage of the Domaine d&rsquo;Espeyran<\/strong><\/h1>\n<p>[\/vc_column_text][vc_separator type=\u00a0\u00bbsmall\u00a0\u00bb position=\u00a0\u00bbcenter\u00a0\u00bb color=\u00a0\u00bb#000000&Prime; transparency=\u00a0\u00bb1&Prime; thickness=\u00a0\u00bb1&Prime; width=\u00a0\u00bb91&Prime; el_class=\u00a0\u00bbseph1&Prime;][vc_column_text css=\u00a0\u00bb.vc_custom_1556532607867{padding-right: 0% !important;padding-left: 0% !important;}\u00a0\u00bb]<\/p>\n<p style=\"text-align: center;\">Located just a stone&rsquo;s throw away from major tourist sites, this is a stunning location in the heart of this exclusive region. This magnificent house grounded in history is placed in the heart of the vineyard, a perfect retreat accommodating up to 14 people.<\/p>\n<p>[\/vc_column_text]<a  itemprop=\"url\" href=\"https:\/\/www.domaine-espeyran.fr\/english\/the-cottage\/\" target=\"_self\"  class=\"qbutton  default\" style=\"\">Learn more<\/a>[\/vc_column][vc_column width=\u00a0\u00bb1\/2&Prime;][vc_single_image image=\u00a0\u00bb410&Prime; img_size=\u00a0\u00bbfull\u00a0\u00bb alignment=\u00a0\u00bbcenter\u00a0\u00bb onclick=\u00a0\u00bbcustom_link\u00a0\u00bb qode_css_animation=\u00a0\u00bb\u00a0\u00bb link=\u00a0\u00bbhttps:\/\/www.domaine-espeyran.fr\/english\/earth-hunting\/\u00a0\u00bb][vc_empty_space height=\u00a0\u00bb26px\u00a0\u00bb][vc_column_text]<\/p>\n<h1><strong>Espeyran, hunting ground<\/strong><\/h1>\n<p>[\/vc_column_text][vc_separator type=\u00a0\u00bbsmall\u00a0\u00bb position=\u00a0\u00bbcenter\u00a0\u00bb color=\u00a0\u00bb#000000&Prime; transparency=\u00a0\u00bb1&Prime; thickness=\u00a0\u00bb1&Prime; width=\u00a0\u00bb91&Prime; el_class=\u00a0\u00bbseph1&Prime;][vc_column_text css=\u00a0\u00bb.vc_custom_1556532648377{padding-right: 0% !important;padding-left: 0% !important;}\u00a0\u00bb]<\/p>\n<p style=\"text-align: center;\">Big and small game are in abundance! Espeyran has the ideal climate throughout the year. A diverse territory of a marsh, wood, plain &#8230; with more than 500 hectares in a classified and protected territory since 1538, with access to one of the most beautiful playgrounds of the South of France. (for the passionate only!).<\/p>\n<p>[\/vc_column_text]<a  itemprop=\"url\" href=\"https:\/\/www.domaine-espeyran.fr\/english\/earth-hunting\/\" target=\"_self\"  class=\"qbutton  default\" style=\"\">Learn more<\/a>[\/vc_column][\/vc_row][vc_row css_animation=\u00a0\u00bb\u00a0\u00bb row_type=\u00a0\u00bbrow\u00a0\u00bb use_row_as_full_screen_section=\u00a0\u00bbno\u00a0\u00bb type=\u00a0\u00bbgrid\u00a0\u00bb angled_section=\u00a0\u00bbno\u00a0\u00bb text_align=\u00a0\u00bbleft\u00a0\u00bb background_image_as_pattern=\u00a0\u00bbwithout_pattern\u00a0\u00bb z_index=\u00a0\u00bb\u00a0\u00bb css=\u00a0\u00bb.vc_custom_1550134471502{padding-top: 112px !important;padding-bottom: 63px !important;}\u00a0\u00bb][vc_column offset=\u00a0\u00bbvc_col-lg-8 vc_col-md-12&Prime;][vc_single_image image=\u00a0\u00bb804&Prime; img_size=\u00a0\u00bbfull\u00a0\u00bb alignment=\u00a0\u00bbcenter\u00a0\u00bb qode_css_animation=\u00a0\u00bb\u00a0\u00bb][\/vc_column][vc_column offset=\u00a0\u00bbvc_col-lg-4 vc_col-md-12&Prime;][vc_column_text el_class=\u00a0\u00bbhome-map\u00a0\u00bb]<iframe loading=\"lazy\" style=\"border: none;\" src=\"https:\/\/snazzymaps.com\/embed\/130301\" width=\"100%\" height=\"571px\"><\/iframe>[\/vc_column_text][\/vc_column][\/vc_row][vc_row css_animation=\u00a0\u00bb\u00a0\u00bb row_type=\u00a0\u00bbrow\u00a0\u00bb use_row_as_full_screen_section=\u00a0\u00bbno\u00a0\u00bb type=\u00a0\u00bbgrid\u00a0\u00bb angled_section=\u00a0\u00bbno\u00a0\u00bb text_align=\u00a0\u00bbleft\u00a0\u00bb background_image_as_pattern=\u00a0\u00bbwithout_pattern\u00a0\u00bb z_index=\u00a0\u00bb\u00a0\u00bb el_class=\u00a0\u00bbhome-contact\u00a0\u00bb][vc_column width=\u00a0\u00bb2\/3&Prime;][vc_column_text css=\u00a0\u00bb.vc_custom_1556532706530{margin-bottom: 20px !important;}\u00a0\u00bb]<span data-type=\"normal\"  class=\"qode_icon_shortcode  q_font_awsome_icon fa-lg  \" style=\" \"><i class=\"qode_icon_font_awesome fa fa-phone qode_icon_element\" style=\"\" ><\/i><\/span><a href=\"tel:0649063563\">06 49 06 35 63<\/a><\/p>\n<p><span data-type=\"normal\"  class=\"qode_icon_shortcode  q_font_awsome_icon fa-lg  \" style=\" \"><i class=\"qode_icon_font_awesome fa fa-phone qode_icon_element\" style=\"\" ><\/i><\/span><a href=\"tel:0466050791\">04 66 05 07 91<\/a><\/p>\n<p><a  itemprop=\"url\" href=\"https:\/\/domaine-espeyran.fr\/english\/contact\/\" target=\"_self\" data-hover-background-color='#d79d59' data-hover-border-color='#d79d59'  class=\"qbutton  default\" style=\"color: #ffffff; border-color: #010101; background-color: #010101;\">Contact us<\/a>[\/vc_column_text][\/vc_column][vc_column width=\u00a0\u00bb1\/3&Prime;][vc_column_text]<span data-type=\"normal\"  class=\"qode_icon_shortcode  q_font_awsome_icon fa-lg  \" style=\" \"><i class=\"qode_icon_font_awesome fa fa-map-marker qode_icon_element\" style=\"\" ><\/i><\/span>Mas d&rsquo;Espeyran<br \/>\n<span data-type=\"normal\"  class=\"qode_icon_shortcode  q_font_awsome_icon fa-lg  \" style=\" \"><i class=\"qode_icon_font_awesome fa fa-anchor qode_icon_element\" style=\"color: #ffffff;\" ><\/i><\/span>Chemin d\u2019Espeyran<br \/>\n<span data-type=\"normal\"  class=\"qode_icon_shortcode  q_font_awsome_icon fa-lg  \" style=\" \"><i class=\"qode_icon_font_awesome fa fa-anchor qode_icon_element\" style=\"color: #ffffff;\" ><\/i><\/span>SCEA Ribasse Argenti\u00e8re<br \/>\n<span data-type=\"normal\"  class=\"qode_icon_shortcode  q_font_awsome_icon fa-lg  \" style=\" \"><i class=\"qode_icon_font_awesome fa fa-anchor qode_icon_element\" style=\"color: #ffffff;\" ><\/i><\/span>30800 Saint-Gilles, France<br \/>\n<span data-type=\"normal\"  class=\"qode_icon_shortcode  q_font_awsome_icon fa-lg  \" style=\" \"><i class=\"qode_icon_font_awesome fa fa-map qode_icon_element\" style=\"\" ><\/i><\/span>43.644726, 4.402037[\/vc_column_text][\/vc_column][\/vc_row]<\/p>\n","protected":false},"excerpt":{"rendered":"<p>[vc_row css_animation=\u00a0\u00bb\u00a0\u00bb row_type=\u00a0\u00bbrow\u00a0\u00bb use_row_as_full_screen_section=\u00a0\u00bbno\u00a0\u00bb type=\u00a0\u00bbgrid\u00a0\u00bb angled_section=\u00a0\u00bbno\u00a0\u00bb text_align=\u00a0\u00bbleft\u00a0\u00bb background_image_as_pattern=\u00a0\u00bbwithout_pattern\u00a0\u00bb z_index=\u00a0\u00bb\u00a0\u00bb css=\u00a0\u00bb.vc_custom_1548075350048{padding-top: 30px !important;padding-bottom: 40px !important;background-color: #f7f7f7 !important;}\u00a0\u00bb el_class=\u00a0\u00bbcol-reverse\u00a0\u00bb][vc_column width=\u00a0\u00bb2\/3&Prime; el_class=\u00a0\u00bbcol-recoltant-img\u00a0\u00bb][vc_row_inner row_type=\u00a0\u00bbrow\u00a0\u00bb type=\u00a0\u00bbfull_width\u00a0\u00bb text_align=\u00a0\u00bbleft\u00a0\u00bb css_animation=\u00a0\u00bb\u00a0\u00bb][vc_column_inner width=\u00a0\u00bb1\/2&Prime;][vc_empty_space height=\u00a0\u00bb40px\u00a0\u00bb][vc_single_image image=\u00a0\u00bb767&Prime; img_size=\u00a0\u00bbfull\u00a0\u00bb qode_css_animation=\u00a0\u00bb\u00a0\u00bb][\/vc_column_inner][vc_column_inner width=\u00a0\u00bb1\/2&Prime;][vc_empty_space height=\u00a0\u00bb40px\u00a0\u00bb][vc_single_image image=\u00a0\u00bb770&Prime; img_size=\u00a0\u00bbfull\u00a0\u00bb alignment=\u00a0\u00bbcenter\u00a0\u00bb qode_css_animation=\u00a0\u00bb\u00a0\u00bb][\/vc_column_inner][\/vc_row_inner][\/vc_column][vc_column width=\u00a0\u00bb1\/3&Prime; el_class=\u00a0\u00bbcol-recoltant\u00a0\u00bb][vc_empty_space height=\u00a0\u00bb28px\u00a0\u00bb][vc_column_text] Owner harvesting since 1791 [\/vc_column_text][vc_separator type=\u00a0\u00bbsmall\u00a0\u00bb position=\u00a0\u00bbleft\u00a0\u00bb color=\u00a0\u00bb#000000&Prime;&#8230;<\/p>\n","protected":false},"author":1,"featured_media":0,"parent":0,"menu_order":0,"comment_status":"closed","ping_status":"closed","template":"full_width.php","meta":[],"yoast_head":"<!-- This site is optimized with the Yoast SEO plugin v17.8 - https:\/\/yoast.com\/wordpress\/plugins\/seo\/ -->\n<title>Home - Domaine d&#039;Espeyran<\/title>\n<meta name=\"description\" content=\"Domaine viticole familial depuis 1791, le Domaine d\u2019Espeyran s\u2019\u00e9tend sur plus de 500 hectares au sud de la vall\u00e9e du Rh\u00f4ne et vous propose \u00e9galement de s\u00e9journer dans son g\u00eete.\" \/>\n<meta name=\"robots\" content=\"index, follow, max-snippet:-1, max-image-preview:large, max-video-preview:-1\" \/>\n<link rel=\"canonical\" href=\"https:\/\/www.domaine-espeyran.fr\/english\/\" \/>\n<meta property=\"og:locale\" content=\"fr_FR\" \/>\n<meta property=\"og:type\" content=\"article\" \/>\n<meta property=\"og:title\" content=\"Home - Domaine d&#039;Espeyran\" \/>\n<meta property=\"og:description\" content=\"Domaine viticole familial depuis 1791, le Domaine d\u2019Espeyran s\u2019\u00e9tend sur plus de 500 hectares au sud de la vall\u00e9e du Rh\u00f4ne et vous propose \u00e9galement de s\u00e9journer dans son g\u00eete.\" \/>\n<meta property=\"og:url\" content=\"https:\/\/www.domaine-espeyran.fr\/english\/\" \/>\n<meta property=\"og:site_name\" content=\"Domaine d&#039;Espeyran\" \/>\n<meta property=\"article:modified_time\" content=\"2023-06-06T21:50:32+00:00\" \/>\n<meta property=\"og:image\" content=\"https:\/\/www.domaine-espeyran.fr\/english\/wp-content\/uploads\/sites\/2\/2019\/02\/gite-domaine-espeyran.jpg\" \/>\n\t<meta property=\"og:image:width\" content=\"1920\" \/>\n\t<meta property=\"og:image:height\" content=\"824\" \/>\n<meta name=\"twitter:card\" content=\"summary_large_image\" \/>\n<meta name=\"twitter:label1\" content=\"Dur\u00e9e de lecture estim\u00e9e\" \/>\n\t<meta name=\"twitter:data1\" content=\"4 minutes\" \/>\n<script type=\"application\/ld+json\" class=\"yoast-schema-graph\">{\"@context\":\"https:\/\/schema.org\",\"@graph\":[{\"@type\":\"WebSite\",\"@id\":\"https:\/\/www.domaine-espeyran.fr\/english\/#website\",\"url\":\"https:\/\/www.domaine-espeyran.fr\/english\/\",\"name\":\"Domaine d'Espeyran\",\"description\":\"\",\"potentialAction\":[{\"@type\":\"SearchAction\",\"target\":{\"@type\":\"EntryPoint\",\"urlTemplate\":\"https:\/\/www.domaine-espeyran.fr\/english\/?s={search_term_string}\"},\"query-input\":\"required name=search_term_string\"}],\"inLanguage\":\"fr-FR\"},{\"@type\":\"WebPage\",\"@id\":\"https:\/\/www.domaine-espeyran.fr\/english\/#webpage\",\"url\":\"https:\/\/www.domaine-espeyran.fr\/english\/\",\"name\":\"Home - Domaine d'Espeyran\",\"isPartOf\":{\"@id\":\"https:\/\/www.domaine-espeyran.fr\/english\/#website\"},\"datePublished\":\"2017-12-05T08:06:40+00:00\",\"dateModified\":\"2023-06-06T21:50:32+00:00\",\"description\":\"Domaine viticole familial depuis 1791, le Domaine d\\u2019Espeyran s\\u2019\\u00e9tend sur plus de 500 hectares au sud de la vall\\u00e9e du Rh\\u00f4ne et vous propose \\u00e9galement de s\\u00e9journer dans son g\\u00eete.\",\"breadcrumb\":{\"@id\":\"https:\/\/www.domaine-espeyran.fr\/english\/#breadcrumb\"},\"inLanguage\":\"fr-FR\",\"potentialAction\":[{\"@type\":\"ReadAction\",\"target\":[\"https:\/\/www.domaine-espeyran.fr\/english\/\"]}]},{\"@type\":\"BreadcrumbList\",\"@id\":\"https:\/\/www.domaine-espeyran.fr\/english\/#breadcrumb\",\"itemListElement\":[{\"@type\":\"ListItem\",\"position\":1,\"name\":\"Accueil\",\"item\":\"https:\/\/www.domaine-espeyran.fr\/english\/\"},{\"@type\":\"ListItem\",\"position\":2,\"name\":\"Home\"}]}]}<\/script>\n<!-- \/ Yoast SEO plugin. -->","yoast_head_json":{"title":"Home - Domaine d'Espeyran","description":"Domaine viticole familial depuis 1791, le Domaine d\u2019Espeyran s\u2019\u00e9tend sur plus de 500 hectares au sud de la vall\u00e9e du Rh\u00f4ne et vous propose \u00e9galement de s\u00e9journer dans son g\u00eete.","robots":{"index":"index","follow":"follow","max-snippet":"max-snippet:-1","max-image-preview":"max-image-preview:large","max-video-preview":"max-video-preview:-1"},"canonical":"https:\/\/www.domaine-espeyran.fr\/english\/","og_locale":"fr_FR","og_type":"article","og_title":"Home - Domaine d'Espeyran","og_description":"Domaine viticole familial depuis 1791, le Domaine d\u2019Espeyran s\u2019\u00e9tend sur plus de 500 hectares au sud de la vall\u00e9e du Rh\u00f4ne et vous propose \u00e9galement de s\u00e9journer dans son g\u00eete.","og_url":"https:\/\/www.domaine-espeyran.fr\/english\/","og_site_name":"Domaine d'Espeyran","article_modified_time":"2023-06-06T21:50:32+00:00","og_image":[{"width":1920,"height":824,"url":"https:\/\/www.domaine-espeyran.fr\/english\/wp-content\/uploads\/sites\/2\/2019\/02\/gite-domaine-espeyran.jpg","type":"image\/jpeg"}],"twitter_card":"summary_large_image","twitter_misc":{"Dur\u00e9e de lecture estim\u00e9e":"4 minutes"},"schema":{"@context":"https:\/\/schema.org","@graph":[{"@type":"WebSite","@id":"https:\/\/www.domaine-espeyran.fr\/english\/#website","url":"https:\/\/www.domaine-espeyran.fr\/english\/","name":"Domaine d'Espeyran","description":"","potentialAction":[{"@type":"SearchAction","target":{"@type":"EntryPoint","urlTemplate":"https:\/\/www.domaine-espeyran.fr\/english\/?s={search_term_string}"},"query-input":"required name=search_term_string"}],"inLanguage":"fr-FR"},{"@type":"WebPage","@id":"https:\/\/www.domaine-espeyran.fr\/english\/#webpage","url":"https:\/\/www.domaine-espeyran.fr\/english\/","name":"Home - Domaine d'Espeyran","isPartOf":{"@id":"https:\/\/www.domaine-espeyran.fr\/english\/#website"},"datePublished":"2017-12-05T08:06:40+00:00","dateModified":"2023-06-06T21:50:32+00:00","description":"Domaine viticole familial depuis 1791, le Domaine d\u2019Espeyran s\u2019\u00e9tend sur plus de 500 hectares au sud de la vall\u00e9e du Rh\u00f4ne et vous propose \u00e9galement de s\u00e9journer dans son g\u00eete.","breadcrumb":{"@id":"https:\/\/www.domaine-espeyran.fr\/english\/#breadcrumb"},"inLanguage":"fr-FR","potentialAction":[{"@type":"ReadAction","target":["https:\/\/www.domaine-espeyran.fr\/english\/"]}]},{"@type":"BreadcrumbList","@id":"https:\/\/www.domaine-espeyran.fr\/english\/#breadcrumb","itemListElement":[{"@type":"ListItem","position":1,"name":"Accueil","item":"https:\/\/www.domaine-espeyran.fr\/english\/"},{"@type":"ListItem","position":2,"name":"Home"}]}]}},"_links":{"self":[{"href":"https:\/\/www.domaine-espeyran.fr\/english\/wp-json\/wp\/v2\/pages\/271"}],"collection":[{"href":"https:\/\/www.domaine-espeyran.fr\/english\/wp-json\/wp\/v2\/pages"}],"about":[{"href":"https:\/\/www.domaine-espeyran.fr\/english\/wp-json\/wp\/v2\/types\/page"}],"author":[{"embeddable":true,"href":"https:\/\/www.domaine-espeyran.fr\/english\/wp-json\/wp\/v2\/users\/1"}],"replies":[{"embeddable":true,"href":"https:\/\/www.domaine-espeyran.fr\/english\/wp-json\/wp\/v2\/comments?post=271"}],"version-history":[{"count":181,"href":"https:\/\/www.domaine-espeyran.fr\/english\/wp-json\/wp\/v2\/pages\/271\/revisions"}],"predecessor-version":[{"id":1315,"href":"https:\/\/www.domaine-espeyran.fr\/english\/wp-json\/wp\/v2\/pages\/271\/revisions\/1315"}],"wp:attachment":[{"href":"https:\/\/www.domaine-espeyran.fr\/english\/wp-json\/wp\/v2\/media?parent=271"}],"curies":[{"name":"wp","href":"https:\/\/api.w.org\/{rel}","templated":true}]}}